{"id":576,"date":"2017-06-10T17:28:09","date_gmt":"2017-06-10T16:28:09","guid":{"rendered":"http:\/\/jeux1d100.net\/blog\/?page_id=576"},"modified":"2017-06-10T17:28:09","modified_gmt":"2017-06-10T16:28:09","slug":"ordinateur","status":"publish","type":"page","link":"http:\/\/jeux1d100.net\/blog\/ordinateur\/","title":{"rendered":"Ordinateur"},"content":{"rendered":"<p>Mon ordinateur actuel (depuis juin 2015) est un PC qui tourne avec Linux.<\/p>\n<p>Linux Mint 18.x 64bits<br \/>\nEnvironnement de bureau XFCE<br \/>\nSyst\u00e8me install\u00e9 en fran\u00e7ais<\/p>\n<p>Intel Core i5 4590 (4 x 3,3 GHz)<br \/>\nMSI GeForce GTX 960 @ 2 Go<br \/>\nDrivers NVIDIA 375<br \/>\n8 Go DIMM DDR3 PC12800<br \/>\n\u00c9cran BENQ GL2460 LED 16\/9 24&Prime; 1920&#215;1080<\/p>\n<p>Clavier TypeMatrix \u00e0 disposition a b\u00e9po<\/p>\n","protected":false},"excerpt":{"rendered":"<p>Mon ordinateur actuel (depuis juin 2015) est un PC qui tourne avec Linux. Linux Mint 18.x 64bits Environnement de bureau XFCE Syst\u00e8me install\u00e9 en fran\u00e7ais Intel Core i5 4590 (4 x 3,3 GHz) MSI GeForce GTX 960 @ 2 Go Drivers NVIDIA 375 8 Go DIMM DDR3 PC12800 \u00c9cran BENQ GL2460 LED 16\/9 24&Prime; 1920&#215;1080 [&hellip;]<\/p>\n","protected":false},"author":1,"featured_media":0,"parent":0,"menu_order":0,"comment_status":"closed","ping_status":"closed","template":"","meta":{"sfsi_plus_gutenberg_text_before_share":"","sfsi_plus_gutenberg_show_text_before_share":"","sfsi_plus_gutenberg_icon_type":"","sfsi_plus_gutenberg_icon_alignemt":"","sfsi_plus_gutenburg_max_per_row":"","_mi_skip_tracking":false,"footnotes":""},"class_list":["post-576","page","type-page","status-publish","hentry"],"_links":{"self":[{"href":"http:\/\/jeux1d100.net\/blog\/wp-json\/wp\/v2\/pages\/576","targetHints":{"allow":["GET"]}}],"collection":[{"href":"http:\/\/jeux1d100.net\/blog\/wp-json\/wp\/v2\/pages"}],"about":[{"href":"http:\/\/jeux1d100.net\/blog\/wp-json\/wp\/v2\/types\/page"}],"author":[{"embeddable":true,"href":"http:\/\/jeux1d100.net\/blog\/wp-json\/wp\/v2\/users\/1"}],"replies":[{"embeddable":true,"href":"http:\/\/jeux1d100.net\/blog\/wp-json\/wp\/v2\/comments?post=576"}],"version-history":[{"count":1,"href":"http:\/\/jeux1d100.net\/blog\/wp-json\/wp\/v2\/pages\/576\/revisions"}],"predecessor-version":[{"id":578,"href":"http:\/\/jeux1d100.net\/blog\/wp-json\/wp\/v2\/pages\/576\/revisions\/578"}],"wp:attachment":[{"href":"http:\/\/jeux1d100.net\/blog\/wp-json\/wp\/v2\/media?parent=576"}],"curies":[{"name":"wp","href":"https:\/\/api.w.org\/{rel}","templated":true}]}}